{"id":1159,"date":"2022-01-20T19:12:35","date_gmt":"2022-01-20T18:12:35","guid":{"rendered":"http:\/\/www.perinee.be\/wordpress\/?page_id=1159"},"modified":"2022-01-20T19:30:24","modified_gmt":"2022-01-20T18:30:24","slug":"rdv","status":"publish","type":"page","link":"https:\/\/www.perinee.be\/wordpress\/?page_id=1159","title":{"rendered":"Le respect des rendez-vous"},"content":{"rendered":"<p>[vc_row][vc_column width=\u00a0\u00bb3\/4&Prime; el_class=\u00a0\u00bbresponsibe bullet-right\u00a0\u00bb][vc_column_text]<\/p>\n<div class=\"articleWrapper\">\n<h4>Respect des rendez-vous<\/h4>\n<p>Merci d&rsquo;\u00eatre tr\u00e8s vigilant(e) sur ces points :<\/p>\n<\/div>\n<p>[\/vc_column_text][vc_column_text]<\/p>\n<div class=\"articleWrapper\">\n<h6 class=\"emptySpace15\">Absence et annulation<\/h6>\n<div class=\"simple-article\">\n<ul class=\"listStyle2\">\n<li>Toute absence ou toute s\u00e9ance non-annul\u00e9e <strong>au moins 24h avant l\u2019heure<\/strong> de votre rdv entra\u00eenera la suppression des rdv d\u00e9j\u00e0 planifi\u00e9s et fera aussi l\u2019objet d\u2019une<strong> indemnit\u00e9<\/strong>:\n<ul class=\"listStyle2\">\n<li>Kin\u00e9sith\u00e9rapie : 15 \u20ac (sans remboursement mutuelle)<\/li>\n<li>Sexologie : 30 \u20ac<\/li>\n<\/ul>\n<\/li>\n<li><strong>Vous devrez, <\/strong>dans ces cas,<strong> me recontacter<\/strong> pour fixer de nouveaux rdv (avec le risque de ne plus, peut-\u00eatre, jouir du jour et de l\u2019heure qui vous conviennent)<\/li>\n<li>Seuls un <strong>certificat m\u00e9dical ou le r\u00e9sultat du test PCR<\/strong> seront pris en compte. Sans ces documents, l\u2019indemnit\u00e9 vous sera factur\u00e9e.<\/li>\n<li><strong>Tout autre motif ne sera pas retenu<\/strong>. Il y a malheureusement eu trop d\u2019abus avec des r\u00e9percussions financi\u00e8res d\u00e9sastreuses dans ma comptabilit\u00e9.<\/li>\n<\/ul>\n<\/div>\n<\/div>\n<p>[\/vc_column_text][vc_column_text]<\/p>\n<div class=\"articleWrapper\">\n<h6 class=\"emptySpace15\">Retard<\/h6>\n<div class=\"simple-article\">\n<ul class=\"listStyle2\">\n<li>Pour tout <strong>retard de plus de 10 min, la s\u00e9ance sera annul\u00e9e<\/strong> et il fera l\u2019objet d\u2019une indemnit\u00e9 de 15 \u20ac. En effet, trop peu de temps nous restera pour un traitement optimal.<\/li>\n<\/ul>\n<\/div>\n<div class=\"emptySpace45 emptySpace-xs30\"><\/div>\n<div class=\"row\">\n<div class=\"col-xs-12 col-md-8 col-lg-6\"><\/div>\n<\/div>\n<\/div>\n<p>[\/vc_column_text][\/vc_column][\/vc_row]<\/p>\n","protected":false},"excerpt":{"rendered":"<p>[vc_row][vc_column width=\u00a0\u00bb3\/4&Prime; el_class=\u00a0\u00bbresponsibe bullet-right\u00a0\u00bb][vc_column_text] Respect des rendez-vous Merci d&rsquo;\u00eatre tr\u00e8s vigilant(e) sur ces points : [\/vc_column_text][vc_column_text] Absence et annulation Toute absence ou toute s\u00e9ance non-annul\u00e9e au moins 24h avant l\u2019heure de votre rdv entra\u00eenera la suppression des rdv d\u00e9j\u00e0 planifi\u00e9s et fera aussi l\u2019objet d\u2019une indemnit\u00e9: Kin\u00e9sith\u00e9rapie : 15 \u20ac (sans remboursement mutuelle) Sexologie :<\/p>\n","protected":false},"author":1,"featured_media":0,"parent":0,"menu_order":0,"comment_status":"closed","ping_status":"closed","template":"","meta":[],"_links":{"self":[{"href":"https:\/\/www.perinee.be\/wordpress\/index.php?rest_route=\/wp\/v2\/pages\/1159"}],"collection":[{"href":"https:\/\/www.perinee.be\/wordpress\/index.php?rest_route=\/wp\/v2\/pages"}],"about":[{"href":"https:\/\/www.perinee.be\/wordpress\/index.php?rest_route=\/wp\/v2\/types\/page"}],"author":[{"embeddable":true,"href":"https:\/\/www.perinee.be\/wordpress\/index.php?rest_route=\/wp\/v2\/users\/1"}],"replies":[{"embeddable":true,"href":"https:\/\/www.perinee.be\/wordpress\/index.php?rest_route=%2Fwp%2Fv2%2Fcomments&post=1159"}],"version-history":[{"count":3,"href":"https:\/\/www.perinee.be\/wordpress\/index.php?rest_route=\/wp\/v2\/pages\/1159\/revisions"}],"predecessor-version":[{"id":1171,"href":"https:\/\/www.perinee.be\/wordpress\/index.php?rest_route=\/wp\/v2\/pages\/1159\/revisions\/1171"}],"wp:attachment":[{"href":"https:\/\/www.perinee.be\/wordpress\/index.php?rest_route=%2Fwp%2Fv2%2Fmedia&parent=1159"}],"curies":[{"name":"wp","href":"https:\/\/api.w.org\/{rel}","templated":true}]}}