{"id":1137,"date":"2022-01-20T18:28:02","date_gmt":"2022-01-20T17:28:02","guid":{"rendered":"http:\/\/www.perinee.be\/wordpress\/?page_id=1137"},"modified":"2022-01-20T19:24:17","modified_gmt":"2022-01-20T18:24:17","slug":"premiere-seance","status":"publish","type":"page","link":"https:\/\/www.perinee.be\/wordpress\/?page_id=1137","title":{"rendered":"Premi\u00e8re s\u00e9ance"},"content":{"rendered":"<p>[vc_row][vc_column width=\u00a0\u00bb3\/4&Prime; el_class=\u00a0\u00bbresponsibe bullet-right\u00a0\u00bb][vc_column_text]<\/p>\n<div class=\"articleWrapper\">\n<h4 class=\"h4 as\">Votre premi\u00e8re s\u00e9ance<\/h4>\n<div class=\"emptySpace15\">Ce n&rsquo;est pas votre premi\u00e8re s\u00e9ance ? <a href=\"http:\/\/www.perinee.be\/wordpress\/?page_id=1132\"><span style=\"color: #3366ff;\">Cliquez-ici<\/span><\/a><\/div>\n<h6>Bienvenue<\/h6>\n<div>R\u00e9cemment, votre m\u00e9decin vous a prescrit une prise en charge kin\u00e9sith\u00e9rapeutique et\/ou sexologique.<\/div>\n<div><\/div>\n<div class=\"emptySpace45 emptySpace-xs30\">Vous trouverez <strong>ci-dessous quelques notes explicatives<\/strong> et pratiques afin de rendre <strong>votre traitement le plus efficace possible<\/strong>.<\/div>\n<\/div>\n<p>[\/vc_column_text][vc_column_text]<\/p>\n<div class=\"articleWrapper\">\n<h6 class=\"emptySpace15\">Cette premi\u00e8re s\u00e9ance est l\u2019anamn\u00e8se :<\/h6>\n<div class=\"simple-article\">\n<ul class=\"listStyle2\">\n<li>Elle permettra la r\u00e9alisation de votre dossier et proposera le traitement adapt\u00e9 \u00e0 votre pathologie<\/li>\n<li>C\u2019est une obligation l\u00e9gale impos\u00e9e par l\u2019<a href=\"https:\/\/www.inami.fgov.be\/\" target=\"_blank\" rel=\"noopener\">INAMI<\/a><\/li>\n<li>Elle sera comptabilis\u00e9e au m\u00eame titre que les autres<\/li>\n<\/ul>\n<\/div>\n<\/div>\n<p>[\/vc_column_text][vc_column_text]<\/p>\n<div class=\"articleWrapper\">\n<h6 class=\"emptySpace15\">Signalez-moi <u>imp\u00e9rativement<\/u> :<\/h6>\n<div class=\"simple-article\">\n<ul class=\"listStyle2\">\n<li>Si vous avez d\u00e9j\u00e0 r\u00e9alis\u00e9 des s\u00e9ances kin\u00e9 au cours de l\u2019ann\u00e9e civile (<span style=\"color: #ff0000;\">*<\/span>)<\/li>\n<li>Si vous avez droit \u00e0 une prise en charge particuli\u00e8re (pathologie F, E, \u2026)<\/li>\n<\/ul>\n<\/div>\n<div class=\"emptySpace45 emptySpace-xs30\">Cela me permettra d\u2019effectuer imm\u00e9diatement les d\u00e9marches ad\u00e9quates aupr\u00e8s de votre mutuelle.<\/div>\n<div><\/div>\n<div class=\"emptySpace45 emptySpace-xs30\"><span style=\"color: #ff0000;\">(*)<\/span> Votre remboursement ne sera pas possible aupr\u00e8s de votre mutuelle si le quota de 18 s\u00e9ances, toutes pathologies confondues, est d\u00e9pass\u00e9)<\/div>\n<\/div>\n<p>[\/vc_column_text][vc_empty_space][\/vc_column][\/vc_row]<\/p>\n","protected":false},"excerpt":{"rendered":"<p>[vc_row][vc_column width=\u00a0\u00bb3\/4&Prime; el_class=\u00a0\u00bbresponsibe bullet-right\u00a0\u00bb][vc_column_text] Votre premi\u00e8re s\u00e9ance Ce n&rsquo;est pas votre premi\u00e8re s\u00e9ance ? Cliquez-ici Bienvenue R\u00e9cemment, votre m\u00e9decin vous a prescrit une prise en charge kin\u00e9sith\u00e9rapeutique et\/ou sexologique. Vous trouverez ci-dessous quelques notes explicatives et pratiques afin de rendre votre traitement le plus efficace possible. [\/vc_column_text][vc_column_text] Cette premi\u00e8re s\u00e9ance est l\u2019anamn\u00e8se : Elle permettra<\/p>\n","protected":false},"author":1,"featured_media":0,"parent":0,"menu_order":0,"comment_status":"closed","ping_status":"closed","template":"","meta":[],"_links":{"self":[{"href":"https:\/\/www.perinee.be\/wordpress\/index.php?rest_route=\/wp\/v2\/pages\/1137"}],"collection":[{"href":"https:\/\/www.perinee.be\/wordpress\/index.php?rest_route=\/wp\/v2\/pages"}],"about":[{"href":"https:\/\/www.perinee.be\/wordpress\/index.php?rest_route=\/wp\/v2\/types\/page"}],"author":[{"embeddable":true,"href":"https:\/\/www.perinee.be\/wordpress\/index.php?rest_route=\/wp\/v2\/users\/1"}],"replies":[{"embeddable":true,"href":"https:\/\/www.perinee.be\/wordpress\/index.php?rest_route=%2Fwp%2Fv2%2Fcomments&post=1137"}],"version-history":[{"count":7,"href":"https:\/\/www.perinee.be\/wordpress\/index.php?rest_route=\/wp\/v2\/pages\/1137\/revisions"}],"predecessor-version":[{"id":1166,"href":"https:\/\/www.perinee.be\/wordpress\/index.php?rest_route=\/wp\/v2\/pages\/1137\/revisions\/1166"}],"wp:attachment":[{"href":"https:\/\/www.perinee.be\/wordpress\/index.php?rest_route=%2Fwp%2Fv2%2Fmedia&parent=1137"}],"curies":[{"name":"wp","href":"https:\/\/api.w.org\/{rel}","templated":true}]}}