{"id":1132,"date":"2022-01-20T18:18:10","date_gmt":"2022-01-20T17:18:10","guid":{"rendered":"http:\/\/www.perinee.be\/wordpress\/?page_id=1132"},"modified":"2022-01-20T19:25:29","modified_gmt":"2022-01-20T18:25:29","slug":"seances-suivantes","status":"publish","type":"page","link":"https:\/\/www.perinee.be\/wordpress\/?page_id=1132","title":{"rendered":"Les s\u00e9ances suivantes"},"content":{"rendered":"<p>[vc_row][vc_column width=\u00a0\u00bb3\/4&Prime; el_class=\u00a0\u00bbresponsibe bullet-right\u00a0\u00bb][vc_column_text]<\/p>\n<div class=\"articleWrapper\">\n<h4 class=\"h4 as\">Pour vos s\u00e9ances suivantes<\/h4>\n<div class=\"emptySpace15\">C&rsquo;est votre premi\u00e8re s\u00e9ance ? <span style=\"color: #3366ff;\"><a style=\"color: #3366ff;\" href=\"http:\/\/www.perinee.be\/wordpress\/?page_id=1137\">Cliquez ici<\/a><\/span><\/div>\n<div><\/div>\n<h6 class=\"emptySpace15\">N&rsquo;oubliez-pas (selon le cas) :<\/h6>\n<div class=\"simple-article\">\n<ul class=\"listStyle2\">\n<li>Votre carte de rendez-vous<\/li>\n<li>L&rsquo;essuie \u00e9ponge<\/li>\n<li>Le lubrifiant KY<\/li>\n<li>La sonde vaginale ou anale (fournie lors de votre premi\u00e8re s\u00e9ance)<\/li>\n<li>Le montant exact de la s\u00e9ance (gain de temps)<\/li>\n<\/ul>\n<\/div>\n<div class=\"emptySpace45 emptySpace-xs30\"><\/div>\n<div class=\"row\">\n<div class=\"col-xs-12 col-md-8 col-lg-6\"><\/div>\n<\/div>\n<\/div>\n<p>[\/vc_column_text][\/vc_column][\/vc_row]<\/p>\n","protected":false},"excerpt":{"rendered":"<p>[vc_row][vc_column width=\u00a0\u00bb3\/4&Prime; el_class=\u00a0\u00bbresponsibe bullet-right\u00a0\u00bb][vc_column_text] Pour vos s\u00e9ances suivantes C&rsquo;est votre premi\u00e8re s\u00e9ance ? Cliquez ici N&rsquo;oubliez-pas (selon le cas) : Votre carte de rendez-vous L&rsquo;essuie \u00e9ponge Le lubrifiant KY La sonde vaginale ou anale (fournie lors de votre premi\u00e8re s\u00e9ance) Le montant exact de la s\u00e9ance (gain de temps) [\/vc_column_text][\/vc_column][\/vc_row]<\/p>\n","protected":false},"author":1,"featured_media":0,"parent":0,"menu_order":0,"comment_status":"closed","ping_status":"closed","template":"","meta":[],"_links":{"self":[{"href":"https:\/\/www.perinee.be\/wordpress\/index.php?rest_route=\/wp\/v2\/pages\/1132"}],"collection":[{"href":"https:\/\/www.perinee.be\/wordpress\/index.php?rest_route=\/wp\/v2\/pages"}],"about":[{"href":"https:\/\/www.perinee.be\/wordpress\/index.php?rest_route=\/wp\/v2\/types\/page"}],"author":[{"embeddable":true,"href":"https:\/\/www.perinee.be\/wordpress\/index.php?rest_route=\/wp\/v2\/users\/1"}],"replies":[{"embeddable":true,"href":"https:\/\/www.perinee.be\/wordpress\/index.php?rest_route=%2Fwp%2Fv2%2Fcomments&post=1132"}],"version-history":[{"count":5,"href":"https:\/\/www.perinee.be\/wordpress\/index.php?rest_route=\/wp\/v2\/pages\/1132\/revisions"}],"predecessor-version":[{"id":1167,"href":"https:\/\/www.perinee.be\/wordpress\/index.php?rest_route=\/wp\/v2\/pages\/1132\/revisions\/1167"}],"wp:attachment":[{"href":"https:\/\/www.perinee.be\/wordpress\/index.php?rest_route=%2Fwp%2Fv2%2Fmedia&parent=1132"}],"curies":[{"name":"wp","href":"https:\/\/api.w.org\/{rel}","templated":true}]}}