{"id":1011,"date":"2017-03-31T10:40:24","date_gmt":"2017-03-31T10:40:24","guid":{"rendered":"http:\/\/www.49themes.com\/demos\/chiropractorwp\/?page_id=7"},"modified":"2025-12-27T14:15:05","modified_gmt":"2025-12-27T13:15:05","slug":"home-2-2","status":"publish","type":"page","link":"https:\/\/www.perinee.be\/wordpress\/","title":{"rendered":"Accueil"},"content":{"rendered":"<p>[vc_row full_width=\u00a0\u00bbstretch_row\u00a0\u00bb el_class=\u00a0\u00bbcontentPadding grey\u00a0\u00bb][vc_column el_class=\u00a0\u00bbcol-md-7 responsive ul-position bullet-right\u00a0\u00bb][vc_column_text]<\/p>\n<h3>Bonjour et bienvenue sur mon site internet d\u00e9di\u00e9 \u00e0 la p\u00e9rin\u00e9ologie<\/h3>\n<ul>\n<li>Peut-\u00eatre avez-vous \u00e9t\u00e9 conseill\u00e9(e) par votre gyn\u00e9cologue \/urologue \/ m\u00e9decin traitant \/une connaissance ou encore par le bouche-\u00e0-oreille\u00a0?<\/li>\n<li>Peut-\u00eatre m\u2019avez-vous d\u00e9couverte \u00ab\u00a0par hasard\u00a0\u00bb au cours de recherches sur le net\u00a0?<\/li>\n<\/ul>\n<p>&nbsp;<\/p>\n<p><span style=\"color: #000000;\"><strong>Qu\u2019importe le biais\u00a0!<\/strong><\/span><\/p>\n<ul>\n<li>Vous \u00eates enceinte et souhaitez tout savoir sur le jour J\u00a0?<\/li>\n<li>Vous avez accouch\u00e9 et ressentez le besoin de renforcer vos muscles p\u00e9rin\u00e9aux\u00a0et les autres aussi ?<\/li>\n<li>Vous souffrez d\u2019une pathologie du bas appareil urinaire ou du bas appareil digestif\u00a0?<\/li>\n<li>Vous vous posez des questions sur votre sexualit\u00e9\u00a0?<\/li>\n<\/ul>\n<p>&nbsp;<\/p>\n<p><span style=\"color: #000000;\"><strong>Ce site vous donnera quelques les informations succinctes sur le sujet qui vous concerne.<\/strong><\/span><br \/>\n<span style=\"color: #000000;\"><strong>Il vous donnera \u00e9galement les moyens de me contacter.<\/strong><\/span><\/p>\n<h3><strong>\u00ab faites le premier pas, je me charge du reste ! \u00bb<\/strong><\/h3>\n<p>[\/vc_column_text][\/vc_column][\/vc_row][vc_row full_width=\u00a0\u00bbstretch_row_content_no_spaces\u00a0\u00bb][vc_column][vc_gmaps link=\u00a0\u00bb#E-8_JTNDaWZyYW1lJTIwc3JjJTNEJTIyaHR0cHMlM0ElMkYlMkZ3d3cuZ29vZ2xlLmNvbSUyRm1hcHMlMkZlbWJlZCUzRnBiJTNEJTIxMW0xOCUyMTFtMTIlMjExbTMlMjExZDIwMzM3Ljg3NDI0ODg2OTgyMyUyMTJkNC4zMTQ4MjEwMzc1NzExNDElMjEzZDUwLjQxODEwNjQ3OTQ3MDg5JTIxMm0zJTIxMWYwJTIxMmYwJTIxM2YwJTIxM20yJTIxMWkxMDI0JTIxMmk3NjglMjE0ZjEzLjElMjEzbTMlMjExbTIlMjExczB4NDdjMjNhYjEyODM3NDVlMyUyNTNBMHg5NzdjNWFjNjYwZDY5Nzc3JTIxMnNMb3V2eXN0JTI1MjBTUFJMJTI1MjAtJTI1MjBTQVVCQUlOJTI1MjBTdCUyNUMzJTI1QTlwaGFuaWUlMjE1ZTAlMjEzbTIlMjExc2ZyJTIxMnNiZSUyMTR2MTY0MjYxMTA3OTc2OSUyMTVtMiUyMTFzZnIlMjEyc2JlJTIyJTIwd2lkdGglM0QlMjI2MDAlMjIlMjBoZWlnaHQlM0QlMjI0NTAlMjIlMjBzdHlsZSUzRCUyMmJvcmRlciUzQTAlMjIlMjBhbGxvd2Z1bGxzY3JlZW4lM0UlM0MlMkZpZnJhbWUlM0U=\u00a0\u00bb][\/vc_column][\/vc_row]<\/p>\n","protected":false},"excerpt":{"rendered":"<p>[vc_row full_width=\u00a0\u00bbstretch_row\u00a0\u00bb el_class=\u00a0\u00bbcontentPadding grey\u00a0\u00bb][vc_column el_class=\u00a0\u00bbcol-md-7 responsive ul-position bullet-right\u00a0\u00bb][vc_column_text] Bonjour et bienvenue sur mon site internet d\u00e9di\u00e9 \u00e0 la p\u00e9rin\u00e9ologie Peut-\u00eatre avez-vous \u00e9t\u00e9 conseill\u00e9(e) par votre gyn\u00e9cologue \/urologue \/ m\u00e9decin traitant \/une connaissance ou encore par le bouche-\u00e0-oreille\u00a0? Peut-\u00eatre m\u2019avez-vous d\u00e9couverte \u00ab\u00a0par hasard\u00a0\u00bb au cours de recherches sur le net\u00a0? &nbsp; Qu\u2019importe le biais\u00a0! Vous \u00eates<\/p>\n","protected":false},"author":1,"featured_media":0,"parent":0,"menu_order":0,"comment_status":"closed","ping_status":"closed","template":"","meta":[],"_links":{"self":[{"href":"https:\/\/www.perinee.be\/wordpress\/index.php?rest_route=\/wp\/v2\/pages\/1011"}],"collection":[{"href":"https:\/\/www.perinee.be\/wordpress\/index.php?rest_route=\/wp\/v2\/pages"}],"about":[{"href":"https:\/\/www.perinee.be\/wordpress\/index.php?rest_route=\/wp\/v2\/types\/page"}],"author":[{"embeddable":true,"href":"https:\/\/www.perinee.be\/wordpress\/index.php?rest_route=\/wp\/v2\/users\/1"}],"replies":[{"embeddable":true,"href":"https:\/\/www.perinee.be\/wordpress\/index.php?rest_route=%2Fwp%2Fv2%2Fcomments&post=1011"}],"version-history":[{"count":21,"href":"https:\/\/www.perinee.be\/wordpress\/index.php?rest_route=\/wp\/v2\/pages\/1011\/revisions"}],"predecessor-version":[{"id":1464,"href":"https:\/\/www.perinee.be\/wordpress\/index.php?rest_route=\/wp\/v2\/pages\/1011\/revisions\/1464"}],"wp:attachment":[{"href":"https:\/\/www.perinee.be\/wordpress\/index.php?rest_route=%2Fwp%2Fv2%2Fmedia&parent=1011"}],"curies":[{"name":"wp","href":"https:\/\/api.w.org\/{rel}","templated":true}]}}